{"id":504,"date":"2024-04-20T20:44:12","date_gmt":"2024-04-20T20:44:12","guid":{"rendered":"https:\/\/mbamlearn.com\/?page_id=504"},"modified":"2024-06-26T12:08:16","modified_gmt":"2024-06-26T12:08:16","slug":"prise-de-contact-agenda","status":"publish","type":"page","link":"https:\/\/mbamlearn.com\/index.php\/prise-de-contact-agenda\/","title":{"rendered":"Prise de Rendez-vous"},"content":{"rendered":"<section class=\"kc-elm kc-css-123671 kc_row\"><div class=\"kc-row-container  kc-container\"><div class=\"kc-wrap-columns\"><div class=\"kc-elm kc-css-119000 kc_col-sm-12 kc_column kc_col-sm-12\"><div class=\"kc-col-container\">\n\t\n\t<div class=\"section-title wow zoomIn text-center\">\n\t\t\t\t\t<h2>FORMALISONS VOTRE PROJET.<\/h2>\t\t\n\t\t<span><\/span>\n\t\t\t\t<p>C'est ici le point de d\u00e9part.\r\nDur\u00e9e de l'entretien \u00e0 distance: 60 minutes .\r\n\r\n<br>Mode de paiement : PayPal<\/p>\n\t\t\t<\/div>\n\t\n\t\t\n <div id=\"form_id1136747512960\"  class=\"wpbc_container wpbc_container_booking_form  wpdevelop \" ><form  id=\"booking_form1\"   class=\"booking_form vertical\" method=\"post\" action=\"\"><div id=\"ajax_respond_insert1\" class=\"ajax_respond_insert\" style=\"display:none;\"><\/div><a name=\"bklnk1\" id=\"bklnk1\"><\/a><div id=\"booking_form_div1\" class=\"booking_form_div\"><style type=\"text\/css\">.wpbc_container_booking_form .block_hints, .wpbc_booking_form_simple .wpbc__form__div{max-width:440px;} <\/style>\n<div class=\"wpbc_booking_form_simple \">\n\t<div class=\"wpbc__row\">\n\t\t<div class=\"wpbc__field\">\n<div class=\"wpbc_calendar_wraper wpbc_change_over_triangle\"><div class=\"bk_calendar_frame wpbc_no_custom_width  months_num_in_row_ cal_month_num_1\" style=\"\"><div id=\"calendar_booking1\">Chargement du calendrier...<\/div><\/div><textarea id=\"date_booking1\" name=\"date_booking1\" autocomplete=\"off\" style=\"display:none;\"><\/textarea><div class=\"block_hints datepick \"><div class=\"wpdev_hint_with_text\"><div class=\"block_free datepick-days-cell\"><a>&nbsp;<\/a><\/div><div class=\"block_text\">- <\/div><div class=\"block_text\">Disponible<\/div><\/div><div class=\"wpdev_hint_with_text\"><div class=\"block_booked date_approved\">&nbsp;<\/div><div class=\"block_text\">- <\/div><div class=\"block_text\">R\u00e9serv\u00e9<\/div><\/div><div class=\"wpdev_hint_with_text\"><div class=\"block_pending date2approve\">&nbsp;<\/div><div class=\"block_text\">- <\/div><div class=\"block_text\">En attente<\/div><\/div><\/div><\/div>\n\t\t<\/div>\n\t\t<div class=\"wpbc__field\">\n<div class=\"wpbc__form__div\">\n\t<div class=\"wpbc__row\">\n\t\t<div class=\"wpbc__field\">  <label>Tranches horaires*:<\/label><br><span class=\"wpbc_wrap_select wpdev-form-control-wrap rangetime1\"><select onchange=\"javascript:if(typeof( showCostHintInsideBkForm ) == 'function') {  showCostHintInsideBkForm(1);}\" name=\"rangetime1\" autocomplete=\"rangetime\" class=\"wpdev-validates-as-required\"><option value=\"10:00 - 11:00\">10h00  - 11h00<\/option><option value=\"12:00 - 13:00\">12h00 - 13h00<\/option><option value=\"14:00 - 15:00\">14h00 - 15h00<\/option><option value=\"16:00 - 17:00\">16h00 - 17h00<\/option><option value=\"18:00 - 19:00\">18h00 - 19h00<\/option><option value=\"20:00 - 21:00\">20h00 - 21h00<\/option><\/select><\/span><\/div>\n\t<\/div>\n\t<div class=\"wpbc__row\">\n\t\t<div class=\"wpbc__field\">  <label>Nom &amp; Pr\u00e9nom*:<\/label><br><span class=\"wpbc_wrap_text wpdev-form-control-wrap name1\"><input type=\"text\" name=\"name1\" value=\"\" autocomplete=\"name\" class=\"wpdev-validates-as-required\" size=\"40\" \/><\/span><\/div>\n\t<\/div>\n\t<div class=\"wpbc__row\">\n\t\t<div class=\"wpbc__field\">  <label>Email*:<\/label><br><span class=\"wpbc_wrap_text wpdev-form-control-wrap email1\"><input type=\"text\" name=\"email1\" value=\"\" autocomplete=\"email\" class=\"wpdev-validates-as-email wpdev-validates-as-required\" size=\"40\" \/><\/span><\/div>\n\t<\/div>\n\t<div class=\"wpbc__row\">\n\t\t<div class=\"wpbc__field\">  <label>T\u00e9l\u00e9phone*:<\/label><br><span class=\"wpbc_wrap_text wpdev-form-control-wrap phone1\"><input type=\"text\" name=\"phone1\" value=\"\" autocomplete=\"phone\" class=\"wpdev-validates-as-required\" size=\"40\" \/><\/span><\/div>\n\t<\/div>\n\t<div class=\"wpbc__row\">\n\t\t<div class=\"wpbc__field\">  <label>Message:<\/label><br><span class=\"wpbc_wrap_textarea wpdev-form-control-wrap details1\"><textarea name=\"details1\" autocomplete=\"details\"><\/textarea><\/span><\/div>\n\t<\/div>\n\t<div class=\"wpbc__spacer\" style=\"width:100%;clear:both;height:10px;\"><\/div>\n\t<div class=\"wpbc__row\">\n\t\t<div class=\"wpbc__field\"> <span class=\"wpbc_text_captcha_container\"><input  autocomplete=\"off\" type=\"hidden\" name=\"wpdev_captcha_challenge_1\"  id=\"wpdev_captcha_challenge_1\" value=\"228103586\" \/><input  autocomplete=\"off\" type=\"text\" class=\"captachinput\" value=\"\" name=\"captcha_input1\" id=\"captcha_input1\" \/><img class=\"captcha_img\"  id=\"captcha_img1\" alt=\"To show CAPTCHA, please deactivate cache plugin or exclude this page from caching or disable CAPTCHA at WP Booking Calendar > Settings General page in Form Options section.\" src=\"https:\/\/mbamlearn.com\/wp-content\/plugins\/booking.bs.10.1.1\/js\/captcha\/tmp\/228103586.png\" \/><\/span> <\/div>\n\t<\/div>\n\t<div class=\"wpbc__row\">\n\t\t<div class=\"wpbc__field\"> <p><input type=\"button\" value=\"Soumettre\" class=\"wpbc_button_light btn\" onclick=\"mybooking_submit(this.form,1, 'fr_FR' );\" \/><img decoding=\"async\" class=\"ajax-loader\"  style=\"vertical-align:middle;box-shadow:none;width:14px;visibility: hidden;\" alt=\"ajax loader\" src=\"https:\/\/mbamlearn.com\/wp-content\/plugins\/booking.bs.10.1.1\/assets\/img\/ajax-loader.gif\" \/><\/p> <\/div>\n\t<\/div>\n<\/div>\n\t<\/div>\n\t<\/div>\n<\/div><input id=\"bk_type1\" name=\"bk_type1\" class=\"\" type=\"hidden\" value=\"1\" \/><\/div><div id=\"submiting1\"><\/div><div class=\"form_bk_messages\" id=\"form_bk_messages1\" ><\/div><input type=\"hidden\" id=\"wpbc_nonceCALCULATE_THE_COST1\" name=\"wpbc_nonceCALCULATE_THE_COST1\" value=\"aec8be750c\" \/><input type=\"hidden\" name=\"_wp_http_referer\" value=\"\/index.php\/wp-json\/wp\/v2\/pages\/504\" \/><\/form><\/div><div id=\"booking_form_garbage1\" class=\"booking_form_garbage\"><\/div><script type=\"text\/javascript\">\n                                jQuery(document).ready( function(){\n                                    jQuery(\".widget_wpdev_booking .booking_form.form-horizontal\").removeClass(\"form-horizontal\");\n                                    var visible_calendars_count = _wpbc.get_other_param( \"calendars__on_this_page\" ).length;\n                                    if (visible_calendars_count !== null ) {\n                                        for (var i=0;i< visible_calendars_count ;i++){\n                                          if ( _wpbc.get_other_param( \"calendars__on_this_page\" )[i] === 1 ) {\n                                              document.getElementById(\"form_id1136747512960\").innerHTML = \"<span style='color:#A00;font-size:10px;'>Warning! Booking calendar for this booking resource are already at the page, please check more about this issue at this page: https:\/\/wpbookingcalendar.com\/faq\/why-the-booking-calendar-widget-not-show-on-page\/<\/span>\";                                                                                                  \n                                              jQuery(\"#form_id1136747512960\").animate( {opacity: 1}, 10000 ).fadeOut(5000);\n                                              return;\n                                          }\n                                        }\n                                        _wpbc.get_other_param( \"calendars__on_this_page\" )[ visible_calendars_count ]=1;\n                                    }\n                                });\n                            <\/script> <script type='text\/javascript'> jQuery(document).ready( function(){  _wpbc.balancer__set_max_threads( 3 );  _wpbc.calendar__set_param_value( 1 , 'calendar_scroll_to' , false );  _wpbc.calendar__set_param_value( 1 , 'booking_max_monthes_in_calendar' , '2y' );  _wpbc.calendar__set_param_value( 1 , 'booking_start_day_weeek' , '1' );  _wpbc.calendar__set_param_value( 1 , 'calendar_number_of_months' , '1' );   _wpbc.calendar__set_param_value( 1, 'days_select_mode', 'multiple' );   _wpbc.calendar__set_param_value( 1, 'fixed__days_num', 3 );   _wpbc.calendar__set_param_value( 1, 'fixed__week_days__start',   [-1] );   _wpbc.calendar__set_param_value( 1, 'dynamic__days_min', 1 );   _wpbc.calendar__set_param_value( 1, 'dynamic__days_max', 30 );   _wpbc.calendar__set_param_value( 1, 'dynamic__days_specific',    [] );   _wpbc.calendar__set_param_value( 1, 'dynamic__week_days__start', [-1] );   _wpbc.calendar__set_param_value( 1, 'booking_date_format', 'F j, Y' );   _wpbc.calendar__set_param_value( 1, 'booking_time_format', 'g:i a' );  _wpbc.calendar__set_param_value( 1 , 'booking_recurrent_time' , 'Off' );   if ( 'function' === typeof ( wpbc__conditions__SAVE_INITIAL__days_selection_params__bm ) ){ wpbc__conditions__SAVE_INITIAL__days_selection_params__bm( 1 ); }   wpbc_calendar_show( '1' );   _wpbc.set_secure_param( 'nonce',   '8b318565cc' );   _wpbc.set_secure_param( 'user_id', '0' );   _wpbc.set_secure_param( 'locale',  'fr_FR' );  wpbc_calendar__load_data__ajx( {\"resource_id\":1,\"booking_hash\":\"\",\"request_uri\":\"\\\/index.php\\\/wp-json\\\/wp\\\/v2\\\/pages\\\/504\",\"custom_form\":\"standard\",\"aggregate_resource_id_str\":\"\",\"aggregate_type\":\"all\"} );  } ); <\/script><div  id=\"gateway_payment_forms  wpdevelop \"><\/div><\/div><\/div><\/div><\/div><\/section>\n","protected":false},"excerpt":{"rendered":"","protected":false},"author":1,"featured_media":0,"parent":0,"menu_order":0,"comment_status":"closed","ping_status":"closed","template":"","meta":{"_mi_skip_tracking":false,"footnotes":""},"aioseo_notices":[],"yoast_head":"<!-- This site is optimized with the Yoast SEO plugin v21.0 - https:\/\/yoast.com\/wordpress\/plugins\/seo\/ -->\n<title>Prise de Rendez-vous - Mbam Elearning Agency<\/title>\n<meta name=\"robots\" content=\"index, follow, max-snippet:-1, max-image-preview:large, max-video-preview:-1\" \/>\n<link rel=\"canonical\" href=\"https:\/\/mbamlearn.com\/index.php\/prise-de-contact-agenda\/\" \/>\n<meta property=\"og:locale\" content=\"fr_FR\" \/>\n<meta property=\"og:type\" content=\"article\" \/>\n<meta property=\"og:title\" content=\"Prise de Rendez-vous - Mbam Elearning Agency\" \/>\n<meta property=\"og:description\" content=\"FORMALISONS VOTRE PROJET. C&#8217;est ici le point de d\u00e9part. Dur\u00e9e de l&#8217;entretien \u00e0 distance: 60 minutes . Mode de paiement : PayPal WP Booking Calendar Shortcode This is not a real preview. Publish the page to see it in action.\" \/>\n<meta property=\"og:url\" content=\"https:\/\/mbamlearn.com\/index.php\/prise-de-contact-agenda\/\" \/>\n<meta property=\"og:site_name\" content=\"Mbam Elearning Agency\" \/>\n<meta property=\"article:modified_time\" content=\"2024-06-26T12:08:16+00:00\" \/>\n<meta name=\"twitter:card\" content=\"summary_large_image\" \/>\n<meta name=\"twitter:label1\" content=\"Dur\u00e9e de lecture estim\u00e9e\" \/>\n\t<meta name=\"twitter:data1\" content=\"1 minute\" \/>\n<script type=\"application\/ld+json\" class=\"yoast-schema-graph\">{\"@context\":\"https:\/\/schema.org\",\"@graph\":[{\"@type\":\"WebPage\",\"@id\":\"https:\/\/mbamlearn.com\/index.php\/prise-de-contact-agenda\/\",\"url\":\"https:\/\/mbamlearn.com\/index.php\/prise-de-contact-agenda\/\",\"name\":\"Prise de Rendez-vous - Mbam Elearning Agency\",\"isPartOf\":{\"@id\":\"https:\/\/mbamlearn.com\/#website\"},\"datePublished\":\"2024-04-20T20:44:12+00:00\",\"dateModified\":\"2024-06-26T12:08:16+00:00\",\"breadcrumb\":{\"@id\":\"https:\/\/mbamlearn.com\/index.php\/prise-de-contact-agenda\/#breadcrumb\"},\"inLanguage\":\"fr-FR\",\"potentialAction\":[{\"@type\":\"ReadAction\",\"target\":[\"https:\/\/mbamlearn.com\/index.php\/prise-de-contact-agenda\/\"]}]},{\"@type\":\"BreadcrumbList\",\"@id\":\"https:\/\/mbamlearn.com\/index.php\/prise-de-contact-agenda\/#breadcrumb\",\"itemListElement\":[{\"@type\":\"ListItem\",\"position\":1,\"name\":\"Accueil\",\"item\":\"https:\/\/mbamlearn.com\/\"},{\"@type\":\"ListItem\",\"position\":2,\"name\":\"Prise de Rendez-vous\"}]},{\"@type\":\"WebSite\",\"@id\":\"https:\/\/mbamlearn.com\/#website\",\"url\":\"https:\/\/mbamlearn.com\/\",\"name\":\"Mbam Elearning Agency\",\"description\":\"La formation \u00e0 port\u00e9e de main!\",\"publisher\":{\"@id\":\"https:\/\/mbamlearn.com\/#organization\"},\"potentialAction\":[{\"@type\":\"SearchAction\",\"target\":{\"@type\":\"EntryPoint\",\"urlTemplate\":\"https:\/\/mbamlearn.com\/?s={search_term_string}\"},\"query-input\":\"required name=search_term_string\"}],\"inLanguage\":\"fr-FR\"},{\"@type\":\"Organization\",\"@id\":\"https:\/\/mbamlearn.com\/#organization\",\"name\":\"Mbam Elearning Agency\",\"url\":\"https:\/\/mbamlearn.com\/\",\"logo\":{\"@type\":\"ImageObject\",\"inLanguage\":\"fr-FR\",\"@id\":\"https:\/\/mbamlearn.com\/#\/schema\/logo\/image\/\",\"url\":\"https:\/\/mbamlearn.com\/wp-content\/uploads\/2023\/02\/logo-ml_v4.png\",\"contentUrl\":\"https:\/\/mbamlearn.com\/wp-content\/uploads\/2023\/02\/logo-ml_v4.png\",\"width\":314,\"height\":205,\"caption\":\"Mbam Elearning Agency\"},\"image\":{\"@id\":\"https:\/\/mbamlearn.com\/#\/schema\/logo\/image\/\"}}]}<\/script>\n<!-- \/ Yoast SEO plugin. -->","yoast_head_json":{"title":"Prise de Rendez-vous - Mbam Elearning Agency","robots":{"index":"index","follow":"follow","max-snippet":"max-snippet:-1","max-image-preview":"max-image-preview:large","max-video-preview":"max-video-preview:-1"},"canonical":"https:\/\/mbamlearn.com\/index.php\/prise-de-contact-agenda\/","og_locale":"fr_FR","og_type":"article","og_title":"Prise de Rendez-vous - Mbam Elearning Agency","og_description":"FORMALISONS VOTRE PROJET. C&#8217;est ici le point de d\u00e9part. Dur\u00e9e de l&#8217;entretien \u00e0 distance: 60 minutes . Mode de paiement : PayPal WP Booking Calendar Shortcode This is not a real preview. Publish the page to see it in action.","og_url":"https:\/\/mbamlearn.com\/index.php\/prise-de-contact-agenda\/","og_site_name":"Mbam Elearning Agency","article_modified_time":"2024-06-26T12:08:16+00:00","twitter_card":"summary_large_image","twitter_misc":{"Dur\u00e9e de lecture estim\u00e9e":"1 minute"},"schema":{"@context":"https:\/\/schema.org","@graph":[{"@type":"WebPage","@id":"https:\/\/mbamlearn.com\/index.php\/prise-de-contact-agenda\/","url":"https:\/\/mbamlearn.com\/index.php\/prise-de-contact-agenda\/","name":"Prise de Rendez-vous - Mbam Elearning Agency","isPartOf":{"@id":"https:\/\/mbamlearn.com\/#website"},"datePublished":"2024-04-20T20:44:12+00:00","dateModified":"2024-06-26T12:08:16+00:00","breadcrumb":{"@id":"https:\/\/mbamlearn.com\/index.php\/prise-de-contact-agenda\/#breadcrumb"},"inLanguage":"fr-FR","potentialAction":[{"@type":"ReadAction","target":["https:\/\/mbamlearn.com\/index.php\/prise-de-contact-agenda\/"]}]},{"@type":"BreadcrumbList","@id":"https:\/\/mbamlearn.com\/index.php\/prise-de-contact-agenda\/#breadcrumb","itemListElement":[{"@type":"ListItem","position":1,"name":"Accueil","item":"https:\/\/mbamlearn.com\/"},{"@type":"ListItem","position":2,"name":"Prise de Rendez-vous"}]},{"@type":"WebSite","@id":"https:\/\/mbamlearn.com\/#website","url":"https:\/\/mbamlearn.com\/","name":"Mbam Elearning Agency","description":"La formation \u00e0 port\u00e9e de main!","publisher":{"@id":"https:\/\/mbamlearn.com\/#organization"},"potentialAction":[{"@type":"SearchAction","target":{"@type":"EntryPoint","urlTemplate":"https:\/\/mbamlearn.com\/?s={search_term_string}"},"query-input":"required name=search_term_string"}],"inLanguage":"fr-FR"},{"@type":"Organization","@id":"https:\/\/mbamlearn.com\/#organization","name":"Mbam Elearning Agency","url":"https:\/\/mbamlearn.com\/","logo":{"@type":"ImageObject","inLanguage":"fr-FR","@id":"https:\/\/mbamlearn.com\/#\/schema\/logo\/image\/","url":"https:\/\/mbamlearn.com\/wp-content\/uploads\/2023\/02\/logo-ml_v4.png","contentUrl":"https:\/\/mbamlearn.com\/wp-content\/uploads\/2023\/02\/logo-ml_v4.png","width":314,"height":205,"caption":"Mbam Elearning Agency"},"image":{"@id":"https:\/\/mbamlearn.com\/#\/schema\/logo\/image\/"}}]}},"_links":{"self":[{"href":"https:\/\/mbamlearn.com\/index.php\/wp-json\/wp\/v2\/pages\/504"}],"collection":[{"href":"https:\/\/mbamlearn.com\/index.php\/wp-json\/wp\/v2\/pages"}],"about":[{"href":"https:\/\/mbamlearn.com\/index.php\/wp-json\/wp\/v2\/types\/page"}],"author":[{"embeddable":true,"href":"https:\/\/mbamlearn.com\/index.php\/wp-json\/wp\/v2\/users\/1"}],"replies":[{"embeddable":true,"href":"https:\/\/mbamlearn.com\/index.php\/wp-json\/wp\/v2\/comments?post=504"}],"version-history":[{"count":22,"href":"https:\/\/mbamlearn.com\/index.php\/wp-json\/wp\/v2\/pages\/504\/revisions"}],"predecessor-version":[{"id":681,"href":"https:\/\/mbamlearn.com\/index.php\/wp-json\/wp\/v2\/pages\/504\/revisions\/681"}],"wp:attachment":[{"href":"https:\/\/mbamlearn.com\/index.php\/wp-json\/wp\/v2\/media?parent=504"}],"curies":[{"name":"wp","href":"https:\/\/api.w.org\/{rel}","templated":true}]}}